{"id":3,"date":"2022-02-01T11:26:57","date_gmt":"2022-02-01T11:26:57","guid":{"rendered":"https:\/\/hrlailusion.com\/?page_id=3"},"modified":"2026-03-24T13:05:26","modified_gmt":"2026-03-24T13:05:26","slug":"politica-privacidad","status":"publish","type":"page","link":"https:\/\/hrlailusion.com\/en\/politica-privacidad\/","title":{"rendered":"Protecci\u00f3n de datos"},"content":{"rendered":"<p>En nombre de la empresa ALEJANDRO SANCHEZ VALDES con NIF 48880408 A trataremos la informaci\u00f3n que nos facilita seg\u00fan lo establecido en el REGLAMENTO GENERAL DE PROTECCION DE DATOS Y LEY ORGANICA 3\/2018 de PROTECCION DE DATOS y garant\u00eda de los derechos digitales con el fin presentarles el servicio solicitado. Los datos proporcionados se conservar\u00e1n mientras se mantenga la relaci\u00f3n comercial o durante los a\u00f1os necesarios para cumplir con las obligaciones legales. Los datos no se ceder\u00e1n a terceros salvo en los casos en que existan una obligaci\u00f3n legal. Usted tiene derecho a ejercitar los derechos de transparencia, informaci\u00f3n, acceso, rectificaci\u00f3n, suspensi\u00f3n o derecho al olvido, limitaci\u00f3n de tratamiento, portabilidad de los datos y oposici\u00f3n dirigi\u00e9ndose por escrito a la direcci\u00f3n C\/PASEO DE LA PLAYA N\u00b0 339, CP:11150, PLAYA DEL PALMAR o al correo electr\u00f3nico h.lailusion@hotmail.es<\/p>","protected":false},"excerpt":{"rendered":"<p>En nombre de la empresa ALEJANDRO SANCHEZ VALDES con NIF 48880408 A trataremos la informaci\u00f3n que nos facilita seg\u00fan lo establecido en el REGLAMENTO GENERAL DE PROTECCION DE DATOS Y LEY ORGANICA 3\/2018 de PROTECCION DE DATOS y garant\u00eda de los derechos digitales con el fin presentarles el servicio solicitado. Los datos proporcionados se conservar\u00e1n [&hellip;]<\/p>\n","protected":false},"author":1,"featured_media":0,"parent":0,"menu_order":0,"comment_status":"closed","ping_status":"open","template":"","meta":{"_et_pb_use_builder":"","_et_pb_old_content":"","_et_gb_content_width":"","_joinchat":[],"footnotes":""},"class_list":["post-3","page","type-page","status-publish","hentry"],"_links":{"self":[{"href":"https:\/\/hrlailusion.com\/en\/wp-json\/wp\/v2\/pages\/3","targetHints":{"allow":["GET"]}}],"collection":[{"href":"https:\/\/hrlailusion.com\/en\/wp-json\/wp\/v2\/pages"}],"about":[{"href":"https:\/\/hrlailusion.com\/en\/wp-json\/wp\/v2\/types\/page"}],"author":[{"embeddable":true,"href":"https:\/\/hrlailusion.com\/en\/wp-json\/wp\/v2\/users\/1"}],"replies":[{"embeddable":true,"href":"https:\/\/hrlailusion.com\/en\/wp-json\/wp\/v2\/comments?post=3"}],"version-history":[{"count":1,"href":"https:\/\/hrlailusion.com\/en\/wp-json\/wp\/v2\/pages\/3\/revisions"}],"predecessor-version":[{"id":620,"href":"https:\/\/hrlailusion.com\/en\/wp-json\/wp\/v2\/pages\/3\/revisions\/620"}],"wp:attachment":[{"href":"https:\/\/hrlailusion.com\/en\/wp-json\/wp\/v2\/media?parent=3"}],"curies":[{"name":"wp","href":"https:\/\/api.w.org\/{rel}","templated":true}]}}